{"id":8083,"date":"2021-01-11T15:29:53","date_gmt":"2021-01-11T18:29:53","guid":{"rendered":"https:\/\/impresee.com\/?page_id=8083"},"modified":"2023-09-05T16:56:20","modified_gmt":"2023-09-05T19:56:20","slug":"how-to-integrate-impresee-search-api-v3","status":"publish","type":"page","link":"https:\/\/impresee.com\/es\/how-to-integrate-impresee-search-api-v3\/","title":{"rendered":"C\u00f3mo integrar la API v3 de b\u00fasqueda de Impresee"},"content":{"rendered":"<p>[et_pb_section fb_built=&#8221;1&#8243; _builder_version=&#8221;4.16&#8243; _module_preset=&#8221;default&#8221; da_disable_devices=&#8221;off|off|off&#8221; global_colors_info=&#8221;{}&#8221; da_is_popup=&#8221;off&#8221; da_exit_intent=&#8221;off&#8221; da_has_close=&#8221;on&#8221; da_alt_close=&#8221;off&#8221; da_dark_close=&#8221;off&#8221; da_not_modal=&#8221;on&#8221; da_is_singular=&#8221;off&#8221; da_with_loader=&#8221;off&#8221; da_has_shadow=&#8221;on&#8221;][et_pb_row column_structure=&#8221;3_4,1_4&#8243; _builder_version=&#8221;4.16&#8243; _module_preset=&#8221;default&#8221; global_colors_info=&#8221;{}&#8221;][et_pb_column type=&#8221;3_4&#8243; _builder_version=&#8221;4.16&#8243; _module_preset=&#8221;default&#8221; global_colors_info=&#8221;{}&#8221;][et_pb_text _builder_version=&#8221;4.16&#8243; _module_preset=&#8221;default&#8221; global_colors_info=&#8221;{}&#8221;]<\/p>\n<h1 role=\"group\" aria-multiline=\"true\" aria-label=\"Block: Heading\" style=\"white-space: pre-wrap;\" class=\"block-editor-rich-text__editable block-editor-block-list__block wp-block is-hovered rich-text\" id=\"block-27a58a22-8038-4ed7-b74f-65e2e018acc6\" data-block=\"27a58a22-8038-4ed7-b74f-65e2e018acc6\" data-type=\"core\/heading\" data-title=\"Heading\" contenteditable=\"true\" tabindex=\"0\">C\u00f3mo integrar la API v3 de b\u00fasqueda de Impresee<\/h1>\n<p>[\/et_pb_text][et_pb_text _builder_version=&#8221;4.16&#8243; _module_preset=&#8221;default&#8221; global_colors_info=&#8221;{}&#8221;]<\/p>\n<p class=\" translation-block\"><strong>Este documento describe c\u00f3mo integrar los <em>servicios de b\u00fasqueda visual de Impresee<\/em> en tu tienda en l\u00ednea.<\/strong><\/p>\n<p>&nbsp;<\/p>\n<p>[\/et_pb_text][et_pb_text module_id=&#8221;previous-steps&#8221; _builder_version=&#8221;4.16&#8243; _module_preset=&#8221;default&#8221; global_colors_info=&#8221;{}&#8221;]<\/p>\n<h2>Pasos previos<\/h2>\n<p>[\/et_pb_text][et_pb_text _builder_version=&#8221;4.16&#8243; _module_preset=&#8221;default&#8221; global_colors_info=&#8221;{}&#8221;]<\/p>\n<ul>\n<li>Obtener un Impresee app <strong><code>UUID<\/code><\/strong> , el cual es una cadena de 36 caracteres. Este c\u00f3digo puede ser generado en nuestro <a href=\"https:\/\/console.impresee.com\">Impresee Console<\/a> o puedes solicitarnos que creemos uno por ti.<\/li>\n<li class=\" translation-block\">Una imagen <strong><code>jpg<\/code><\/strong> para probar la integraci\u00f3n (para m\u00e1s detalles ver nuestras <a href=\"https:\/\/github.com\/Impresee\/public-documentation\/wiki\/How-to-integrate-Impresee-Search-API-v2-(english)#image-recommendations\" target=\"_self\">recomendaciones para im\u00e1genes<\/a>).<\/li>\n<\/ul>\n<p>[\/et_pb_text][et_pb_text module_id=&#8221;request&#8221; _builder_version=&#8221;4.16&#8243; _module_preset=&#8221;default&#8221; global_colors_info=&#8221;{}&#8221;]<\/p>\n<h2>Consulta<\/h2>\n<p>[\/et_pb_text][et_pb_text _builder_version=&#8221;4.16&#8243; _module_preset=&#8221;default&#8221; global_colors_info=&#8221;{}&#8221;]<\/p>\n<p class=\" translation-block\">La b\u00fasqueda por imagen de impresee es un servicio <strong><code>REST<\/code><\/strong> qu toma una imagen y\/o texto y busca dentro de uno o m\u00e1s cat\u00e1logos. El servicio se llama enviando una consulta <strong><code>POST<\/code><\/strong> a la URL:<\/p>\n<p>[\/et_pb_text][et_pb_text _builder_version=&#8221;4.17.4&#8243; _module_preset=&#8221;default&#8221; global_colors_info=&#8221;{}&#8221;]<\/p>\n<pre>https:\/\/api.impresee.com\/ImpreseeSearch\/api\/v3\/search\/text\/&lt;your_impresee_application_UUID&gt;<\/pre>\n<p>[\/et_pb_text][et_pb_text _builder_version=&#8221;4.17.4&#8243; _module_preset=&#8221;default&#8221; global_colors_info=&#8221;{}&#8221;]<\/p>\n<p>El cuerpo de la consulta es un <strong><code>JSON<\/code><\/strong>:<\/p>\n<p>1. Para la b\u00fasqueda por imagen:<\/p>\n<ul>\n<li class=\" translation-block\"><strong><code>query_image<\/code><\/strong>: Un <strong><code>JSON<\/code><\/strong> con un par\u00e1metro <strong><code>image_base64<\/code><\/strong>, el que corresponde a la imagen en base 64.<\/li>\n<\/ul>\n<p>Un ejemplo de este JSON se puede ver abajo<\/p>\n<p>[\/et_pb_text][et_pb_text _builder_version=&#8221;4.17.4&#8243; _module_preset=&#8221;default&#8221; global_colors_info=&#8221;{}&#8221;]<\/p>\n<pre><code>{<br \/>    \"query_image\": {\n        \"image_base64\":\n\"\/9j\/4AAQSkZJRgABAQAAAwADAAD\/4QCMRXhpZgAATU0AKgAAAAgABQESAAMAAAABAAEAAAEaAAUAAAABAAAASgEbAAUAAAABAAAAUgEoAAMAAAABAAIAAIdpAAQAAAABAAAAWgAAAAAAAAB\/AAAAMgAAAH8AAAAyAAOgAQADAAAAAQABAACgAgAEAAAAAQAAAAGgAwAEAAAAAQAAAAEAAAAA\/+0AOFBob3Rvc2hvcCAzLjAAOEJJTQQEAAAAAAAAOEJJTQQlAAAAAAAQ1B2M2Y8AsgTpgAmY7PhCfv\/AABEIAAEAAQMBIgACEQEDEQH\/xAAfAAABBQEBAQEBAQAAAAAAAAAAAQIDBAUGBwgJCgv\/xAC1EAACAQMDAgQDBQUEBAAAAX0BAgMABBEFEiExQQYTUWEHInEUMoGRoQgjQrHBFVLR8CQzYnKCCQoWFxgZGiUmJygpKjQ1Njc4OTpDREVGR0hJSlNUVVZXWFlaY2RlZmdoaWpzdHV2d3h5eoOEhYaHiImKkpOUlZaXmJmaoqOkpaanqKmqsrO0tba3uLm6wsPExcbHyMnK0tPU1dbX2Nna4eLj5OXm5+jp6vHy8\/T19vf4+fr\/xAAfAQADAQEBAQEBAQEBAAAAAAAAAQIDBAUGBwgJCgv\/xAC1EQACAQIEBAMEBwUEBAABAncAAQIDEQQFITEGEkFRB2FxEyIygQgUQpGhscEJIzNS8BVictEKFiQ04SXxFxgZGiYnKCkqNTY3ODk6Q0RFRkdISUpTVFVWV1hZWmNkZWZnaGlqc3R1dnd4eXqCg4SFhoeIiYqSk5SVlpeYmZqio6Slpqeoqaqys7S1tre4ubrCw8TFxsfIycrS09TV1tfY2dri4+Tl5ufo6ery8\/T19vf4+fr\/2wBDABQODxIPDRQSEBIXFRQYHjIhHhwcHj0sLiQySUBMS0dARkVQWnNiUFVtVkVGZIhlbXd7gYKBTmCNl4x9lnN+gXz\/2wBDARUXFx4aHjshITt8U0ZTfHx8fHx8fHx8fHx8fHx8fHx8fHx8fHx8fHx8fHx8fHx8fHx8fHx8fHx8fHx8fHx8fHz\/3QAEAAH\/2gAMAwEAAhEDEQA\/AOMooooA\/9k=\" \n    }<br \/>}<\/code><\/pre>\n<p>[\/et_pb_text][et_pb_text _builder_version=&#8221;4.22.1&#8243; _module_preset=&#8221;default&#8221; hover_enabled=&#8221;0&#8243; global_colors_info=&#8221;{}&#8221; custom_padding=&#8221;0px|||||&#8221; sticky_enabled=&#8221;0&#8243;]<\/p>\n<p>2. Para la b\u00fasqueda por dibujo:<\/p>\n<ul>\n<li class=\" translation-block\"><strong><code>query_sketch<\/code><\/strong>: Un <strong><code>JSON<\/code><\/strong> con un par\u00e1metro <strong><code>sketch_base64<\/code><\/strong>, el que corresponde al dibujo en base 64.<\/li>\n<\/ul>\n<p>Un ejemplo de este JSON se puede ver abajo<\/p>\n<p>[\/et_pb_text][et_pb_text _builder_version=&#8221;4.17.4&#8243; _module_preset=&#8221;default&#8221; global_colors_info=&#8221;{}&#8221;]<\/p>\n<pre><code>{<br \/>    \"query_sketch\": {\n        \"sketch_base64\":\n\"\/9j\/4AAQSkZJRgABAQAAAwADAAD\/4QCMRXhpZgAATU0AKgAAAAgABQESAAMAAAABAAEAAAEaAAUAAAABAAAASgEbAAUAAAABAAAAUgEoAAMAAAABAAIAAIdpAAQAAAABAAAAWgAAAAAAAAB\/AAAAMgAAAH8AAAAyAAOgAQADAAAAAQABAACgAgAEAAAAAQAAAAGgAwAEAAAAAQAAAAEAAAAA\/+0AOFBob3Rvc2hvcCAzLjAAOEJJTQQEAAAAAAAAOEJJTQQlAAAAAAAQ1B2M2Y8AsgTpgAmY7PhCfv\/AABEIAAEAAQMBIgACEQEDEQH\/xAAfAAABBQEBAQEBAQAAAAAAAAAAAQIDBAUGBwgJCgv\/xAC1EAACAQMDAgQDBQUEBAAAAX0BAgMABBEFEiExQQYTUWEHInEUMoGRoQgjQrHBFVLR8CQzYnKCCQoWFxgZGiUmJygpKjQ1Njc4OTpDREVGR0hJSlNUVVZXWFlaY2RlZmdoaWpzdHV2d3h5eoOEhYaHiImKkpOUlZaXmJmaoqOkpaanqKmqsrO0tba3uLm6wsPExcbHyMnK0tPU1dbX2Nna4eLj5OXm5+jp6vHy8\/T19vf4+fr\/xAAfAQADAQEBAQEBAQEBAAAAAAAAAQIDBAUGBwgJCgv\/xAC1EQACAQIEBAMEBwUEBAABAncAAQIDEQQFITEGEkFRB2FxEyIygQgUQpGhscEJIzNS8BVictEKFiQ04SXxFxgZGiYnKCkqNTY3ODk6Q0RFRkdISUpTVFVWV1hZWmNkZWZnaGlqc3R1dnd4eXqCg4SFhoeIiYqSk5SVlpeYmZqio6Slpqeoqaqys7S1tre4ubrCw8TFxsfIycrS09TV1tfY2dri4+Tl5ufo6ery8\/T19vf4+fr\/2wBDABQODxIPDRQSEBIXFRQYHjIhHhwcHj0sLiQySUBMS0dARkVQWnNiUFVtVkVGZIhlbXd7gYKBTmCNl4x9lnN+gXz\/2wBDARUXFx4aHjshITt8U0ZTfHx8fHx8fHx8fHx8fHx8fHx8fHx8fHx8fHx8fHx8fHx8fHx8fHx8fHx8fHx8fHx8fHz\/3QAEAAH\/2gAMAwEAAhEDEQA\/AOMooooA\/9k=\" \n    }<br \/>}<\/code><\/pre>\n<p>[\/et_pb_text][et_pb_text _builder_version=&#8221;4.16&#8243; _module_preset=&#8221;default&#8221; custom_padding=&#8221;||0px|||&#8221; global_colors_info=&#8221;{}&#8221;]<\/p>\n<p class=\" translation-block\"><strong>Recuerda: Para ejecutar una b\u00fasqueda visual NO NECESITAS incluer el par\u00e1metro <code>search_text<\/code> a no ser que quieras buscar por imagen y texto al mismo tiempo.<\/strong><\/p>\n<p>&nbsp;<\/p>\n<p>[\/et_pb_text][et_pb_text module_id=&#8221;response&#8221; _builder_version=&#8221;4.16&#8243; _module_preset=&#8221;default&#8221; global_colors_info=&#8221;{}&#8221;]<\/p>\n<h2>Respuesta<\/h2>\n<p>&nbsp;<\/p>\n<p>[\/et_pb_text][et_pb_text _builder_version=&#8221;4.17.4&#8243; _module_preset=&#8221;default&#8221; global_colors_info=&#8221;{}&#8221;]<\/p>\n<p class=\" translation-block\"><span style=\"font-weight: 400\">El servicio de b\u00fasqueda retorna un <strong>JSON<\/strong> con la lista de productos que cumplen con las condiciones y atributos especificados en la consulta..<\/span><\/p>\n<p class=\" translation-block\"><span style=\"font-weight: 400\">Es siguiente es un  <strong>JSON<\/strong> de respuesta:<\/span><\/p>\n<p>[\/et_pb_text][et_pb_text _builder_version=&#8221;4.17.4&#8243; _module_preset=&#8221;default&#8221; global_colors_info=&#8221;{}&#8221;]<script src=\"https:\/\/gist.github.com\/CamilaAlvarez\/6795374f286058c78d075fc282aba95b.js\"><\/script>[\/et_pb_text][et_pb_text _builder_version=&#8221;4.17.4&#8243; _module_preset=&#8221;default&#8221; global_colors_info=&#8221;{}&#8221;]<\/p>\n<p><span style=\"font-weight: 400;\">Cada producto tiene la siguiente informaci\u00f3n:<\/span><\/p>\n<p>[\/et_pb_text][et_pb_text _builder_version=&#8221;4.17.4&#8243; _module_preset=&#8221;default&#8221; global_colors_info=&#8221;{}&#8221;]<script src=\"https:\/\/gist.github.com\/CamilaAlvarez\/0cd68410530f8e5fa295be2cd5f8dee3.js\"><\/script>[\/et_pb_text][et_pb_text _builder_version=&#8221;4.17.4&#8243; _module_preset=&#8221;default&#8221; global_colors_info=&#8221;{}&#8221;]<\/p>\n<p><span style=\"font-weight: 400;\">Usando tu cuenta en <a href=\"https:\/\/console.impresee.com\">Impresee Console<\/a> podr\u00e1s configurar los atributos que se exportar\u00e1n en el <strong>JSON<\/strong>. In this way, it is possible to display extra information about each product.<\/span><\/p>\n<p><span style=\"font-weight: 400;\">Impresee proporciona una biblioteca JavaScript que se puede configurar f\u00e1cilmente para integrar el motor de b\u00fasqueda con cualquier sitio web en poco tiempo. Se pueden encontrar m\u00e1s detalles sobre la biblioteca para la integraci\u00f3n y c\u00f3mo integrar la b\u00fasqueda visual <a href=\"https:\/\/impresee.com\/integrating-impresee-using-impresees-snippet\/\">aqu\u00ed<\/a>.<br \/><\/span><\/p>\n<p>[\/et_pb_text][et_pb_text module_id=&#8221;image-recommendations&#8221; _builder_version=&#8221;4.16&#8243; _module_preset=&#8221;default&#8221; global_colors_info=&#8221;{}&#8221;]<\/p>\n<h2>Recomendaciones de im\u00e1genes<\/h2>\n<p>[\/et_pb_text][et_pb_text _builder_version=&#8221;4.16&#8243; _module_preset=&#8221;default&#8221; global_colors_info=&#8221;{}&#8221;]<\/p>\n<p>Para obtener buenos resultados de b\u00fasqueda y buenos tiempos de carga, se deben tener dos consideraciones:<\/p>\n<ol>\n<li><strong><span style=\"text-decoration: underline;\">Tama\u00f1o y calidad de la imagen:<\/span><\/strong> Una imagen grande y con mucha calidad suele ser muy pesada (estamos hablando de megas). Subir im\u00e1genes de estas caracter\u00edsticas puede tardar demasiado, sin aportar ninguna ventaja en cuanto a la calidad de los resultados de b\u00fasqueda. Recomendamos cambiar el tama\u00f1o de la imagen y cambiar su calidad antes de codificarla en base64. Los valores recomendados son:<\/li>\n<\/ol>\n<ul>\n<li>Lado m\u00e1s largo de 480 p\u00edxeles.<\/li>\n<li>Calidad del 75%.<\/li>\n<\/ul>\n<p>Esto debiese entregar un tama\u00f1o cercano a <code><strong>50KB<\/strong>.<\/code><\/p>\n<ol start=\"2\">\n<li><strong><span style=\"text-decoration: underline;\">El objeto en la imagen de consulta debe estar centrado:<\/span><\/strong> Para obtener buenos resultados de b\u00fasqueda el objeto que se busca debe estar en el centro de la imagen.<\/li>\n<\/ol>\n<p>[\/et_pb_text][et_pb_image src=&#8221;https:\/\/impresee.com\/wp-content\/uploads\/cropped_image.jpeg&#8221; title_text=&#8221;cropped_image&#8221; _builder_version=&#8221;4.16&#8243; _module_preset=&#8221;default&#8221; global_colors_info=&#8221;{}&#8221;][\/et_pb_image][et_pb_text _builder_version=&#8221;4.22.1&#8243; _module_preset=&#8221;default&#8221; hover_enabled=&#8221;0&#8243; global_colors_info=&#8221;{}&#8221; sticky_enabled=&#8221;0&#8243;]<\/p>\n<p>Aunque aplicamos la detecci\u00f3n de objetos, recomendamos tener una imagen con los elementos en el centro de la imagen.<\/p>\n<p>[\/et_pb_text][\/et_pb_column][et_pb_column type=&#8221;1_4&#8243; _builder_version=&#8221;4.16&#8243; _module_preset=&#8221;default&#8221; global_colors_info=&#8221;{}&#8221;][et_pb_button button_url=&#8221;#previous-steps&#8221; button_text=&#8221;Previous steps&#8221; _builder_version=&#8221;4.16&#8243; _module_preset=&#8221;default&#8221; custom_button=&#8221;on&#8221; button_text_color=&#8221;#000000&#8243; button_bg_color=&#8221;rgba(0,0,0,0)&#8221; button_border_width=&#8221;0px&#8221; global_colors_info=&#8221;{}&#8221;][\/et_pb_button][et_pb_button button_url=&#8221;#request&#8221; button_text=&#8221;Request&#8221; _builder_version=&#8221;4.16&#8243; _module_preset=&#8221;default&#8221; custom_button=&#8221;on&#8221; button_text_color=&#8221;#000000&#8243; button_bg_color=&#8221;rgba(0,0,0,0)&#8221; button_border_width=&#8221;0px&#8221; global_colors_info=&#8221;{}&#8221;][\/et_pb_button][et_pb_button button_url=&#8221;#response&#8221; button_text=&#8221;Response&#8221; _builder_version=&#8221;4.16&#8243; _module_preset=&#8221;default&#8221; custom_button=&#8221;on&#8221; button_text_color=&#8221;#000000&#8243; button_bg_color=&#8221;rgba(0,0,0,0)&#8221; button_border_width=&#8221;0px&#8221; global_colors_info=&#8221;{}&#8221;][\/et_pb_button][et_pb_button button_url=&#8221;#image-recommendations&#8221; button_text=&#8221;Image recommendations&#8221; _builder_version=&#8221;4.16&#8243; _module_preset=&#8221;default&#8221; custom_button=&#8221;on&#8221; button_text_color=&#8221;#000000&#8243; button_bg_color=&#8221;rgba(0,0,0,0)&#8221; button_border_width=&#8221;0px&#8221; global_colors_info=&#8221;{}&#8221;][\/et_pb_button][\/et_pb_column][\/et_pb_row][\/et_pb_section]<\/p>","protected":false},"excerpt":{"rendered":"<p>How to integrate Impresee Search API v3This document describes how you can integrate Impresee visual search services into your online store. &nbsp;Previous Steps Obtain an Impresee application UUID this is a string with 36 characters. This code can be generated in the Impresee Console or you can ask us to generate one for you. Get [&hellip;]<\/p>","protected":false},"author":1,"featured_media":0,"parent":0,"menu_order":0,"comment_status":"closed","ping_status":"closed","template":"","meta":{"_et_pb_use_builder":"on","_et_pb_old_content":"","_et_gb_content_width":"","footnotes":""},"class_list":["post-8083","page","type-page","status-publish","hentry"],"yoast_head":"<!-- This site is optimized with the Yoast SEO plugin v24.1 - https:\/\/yoast.com\/wordpress\/plugins\/seo\/ -->\n<title>How to integrate Impresee Search API v3 &#8211; Impresee: Search bar and navigation solutions for eCommerce<\/title>\n<meta name=\"robots\" content=\"index, follow, max-snippet:-1, max-image-preview:large, max-video-preview:-1\" \/>\n<link rel=\"canonical\" href=\"https:\/\/impresee.com\/es\/how-to-integrate-impresee-search-api-v3\/\" \/>\n<meta property=\"og:locale\" content=\"es_ES\" \/>\n<meta property=\"og:type\" content=\"article\" \/>\n<meta property=\"og:title\" content=\"How to integrate Impresee Search API v3 &#8211; Impresee: Search bar and navigation solutions for eCommerce\" \/>\n<meta property=\"og:description\" content=\"How to integrate Impresee Search API v3This document describes how you can integrate Impresee visual search services into your online store. &nbsp;Previous Steps Obtain an Impresee application UUID this is a string with 36 characters. This code can be generated in the Impresee Console or you can ask us to generate one for you. Get [&hellip;]\" \/>\n<meta property=\"og:url\" content=\"https:\/\/impresee.com\/es\/how-to-integrate-impresee-search-api-v3\/\" \/>\n<meta property=\"og:site_name\" content=\"Impresee: Search bar and navigation solutions for eCommerce\" \/>\n<meta property=\"article:publisher\" content=\"https:\/\/www.facebook.com\/impresee\/\" \/>\n<meta property=\"article:modified_time\" content=\"2023-09-05T19:56:20+00:00\" \/>\n<meta property=\"og:image\" content=\"https:\/\/impresee.com\/wp-content\/uploads\/2019\/01\/favicon-1.png\" \/>\n\t<meta property=\"og:image:width\" content=\"200\" \/>\n\t<meta property=\"og:image:height\" content=\"200\" \/>\n\t<meta property=\"og:image:type\" content=\"image\/png\" \/>\n<meta name=\"twitter:card\" content=\"summary_large_image\" \/>\n<meta name=\"twitter:site\" content=\"@impresee\" \/>\n<meta name=\"twitter:label1\" content=\"Tiempo estimado de lectura\" \/>\n\t<meta name=\"twitter:data1\" content=\"3 minutos\" \/>\n<script type=\"application\/ld+json\" class=\"yoast-schema-graph\">{\"@context\":\"https:\/\/schema.org\",\"@graph\":[{\"@type\":\"WebPage\",\"@id\":\"https:\/\/impresee.com\/how-to-integrate-impresee-search-api-v3\/\",\"url\":\"https:\/\/impresee.com\/how-to-integrate-impresee-search-api-v3\/\",\"name\":\"How to integrate Impresee Search API v3 &#8211; Impresee: Search bar and navigation solutions for eCommerce\",\"isPartOf\":{\"@id\":\"https:\/\/impresee.com\/#website\"},\"datePublished\":\"2021-01-11T18:29:53+00:00\",\"dateModified\":\"2023-09-05T19:56:20+00:00\",\"breadcrumb\":{\"@id\":\"https:\/\/impresee.com\/how-to-integrate-impresee-search-api-v3\/#breadcrumb\"},\"inLanguage\":\"es-CL\",\"potentialAction\":[{\"@type\":\"ReadAction\",\"target\":[\"https:\/\/impresee.com\/how-to-integrate-impresee-search-api-v3\/\"]}]},{\"@type\":\"BreadcrumbList\",\"@id\":\"https:\/\/impresee.com\/how-to-integrate-impresee-search-api-v3\/#breadcrumb\",\"itemListElement\":[{\"@type\":\"ListItem\",\"position\":1,\"name\":\"Home\",\"item\":\"https:\/\/impresee.com\/\"},{\"@type\":\"ListItem\",\"position\":2,\"name\":\"How to integrate Impresee Search API v3\"}]},{\"@type\":\"WebSite\",\"@id\":\"https:\/\/impresee.com\/#website\",\"url\":\"https:\/\/impresee.com\/\",\"name\":\"Impresee\",\"description\":\"AI search bar, filters and discount games for eCommerce to get more visitors, increase conversion and get repeat sales. Available for Shopify, Woocomerce, Magento and others\",\"publisher\":{\"@id\":\"https:\/\/impresee.com\/#organization\"},\"potentialAction\":[{\"@type\":\"SearchAction\",\"target\":{\"@type\":\"EntryPoint\",\"urlTemplate\":\"https:\/\/impresee.com\/?s={search_term_string}\"},\"query-input\":{\"@type\":\"PropertyValueSpecification\",\"valueRequired\":true,\"valueName\":\"search_term_string\"}}],\"inLanguage\":\"es-CL\"},{\"@type\":\"Organization\",\"@id\":\"https:\/\/impresee.com\/#organization\",\"name\":\"Impresee\",\"url\":\"https:\/\/impresee.com\/\",\"logo\":{\"@type\":\"ImageObject\",\"inLanguage\":\"es-CL\",\"@id\":\"https:\/\/impresee.com\/#\/schema\/logo\/image\/\",\"url\":\"https:\/\/impresee.com\/wp-content\/uploads\/2019\/01\/logo_color_negro_sf_web-e1547827174322.png\",\"contentUrl\":\"https:\/\/impresee.com\/wp-content\/uploads\/2019\/01\/logo_color_negro_sf_web-e1547827174322.png\",\"width\":400,\"height\":152,\"caption\":\"Impresee\"},\"image\":{\"@id\":\"https:\/\/impresee.com\/#\/schema\/logo\/image\/\"},\"sameAs\":[\"https:\/\/www.facebook.com\/impresee\/\",\"https:\/\/x.com\/impresee\",\"https:\/\/www.instagram.com\/impresee.ai\/\",\"https:\/\/www.linkedin.com\/company\/impresee\",\"https:\/\/www.youtube.com\/channel\/UC5ZniKfJGvG8t4GrOOgYczA\"]}]}<\/script>\n<!-- \/ Yoast SEO plugin. -->","yoast_head_json":{"title":"How to integrate Impresee Search API v3 &#8211; Impresee: Search bar and navigation solutions for eCommerce","robots":{"index":"index","follow":"follow","max-snippet":"max-snippet:-1","max-image-preview":"max-image-preview:large","max-video-preview":"max-video-preview:-1"},"canonical":"https:\/\/impresee.com\/es\/how-to-integrate-impresee-search-api-v3\/","og_locale":"es_ES","og_type":"article","og_title":"How to integrate Impresee Search API v3 &#8211; Impresee: Search bar and navigation solutions for eCommerce","og_description":"How to integrate Impresee Search API v3This document describes how you can integrate Impresee visual search services into your online store. &nbsp;Previous Steps Obtain an Impresee application UUID this is a string with 36 characters. This code can be generated in the Impresee Console or you can ask us to generate one for you. Get [&hellip;]","og_url":"https:\/\/impresee.com\/es\/how-to-integrate-impresee-search-api-v3\/","og_site_name":"Impresee: Search bar and navigation solutions for eCommerce","article_publisher":"https:\/\/www.facebook.com\/impresee\/","article_modified_time":"2023-09-05T19:56:20+00:00","og_image":[{"width":200,"height":200,"url":"https:\/\/impresee.com\/wp-content\/uploads\/2019\/01\/favicon-1.png","type":"image\/png"}],"twitter_card":"summary_large_image","twitter_site":"@impresee","twitter_misc":{"Tiempo estimado de lectura":"3 minutos"},"schema":{"@context":"https:\/\/schema.org","@graph":[{"@type":"WebPage","@id":"https:\/\/impresee.com\/how-to-integrate-impresee-search-api-v3\/","url":"https:\/\/impresee.com\/how-to-integrate-impresee-search-api-v3\/","name":"How to integrate Impresee Search API v3 &#8211; Impresee: Search bar and navigation solutions for eCommerce","isPartOf":{"@id":"https:\/\/impresee.com\/#website"},"datePublished":"2021-01-11T18:29:53+00:00","dateModified":"2023-09-05T19:56:20+00:00","breadcrumb":{"@id":"https:\/\/impresee.com\/how-to-integrate-impresee-search-api-v3\/#breadcrumb"},"inLanguage":"es-CL","potentialAction":[{"@type":"ReadAction","target":["https:\/\/impresee.com\/how-to-integrate-impresee-search-api-v3\/"]}]},{"@type":"BreadcrumbList","@id":"https:\/\/impresee.com\/how-to-integrate-impresee-search-api-v3\/#breadcrumb","itemListElement":[{"@type":"ListItem","position":1,"name":"Home","item":"https:\/\/impresee.com\/"},{"@type":"ListItem","position":2,"name":"How to integrate Impresee Search API v3"}]},{"@type":"WebSite","@id":"https:\/\/impresee.com\/#website","url":"https:\/\/impresee.com\/","name":"Impresee","description":"AI search bar, filters and discount games for eCommerce to get more visitors, increase conversion and get repeat sales. Available for Shopify, Woocomerce, Magento and others","publisher":{"@id":"https:\/\/impresee.com\/#organization"},"potentialAction":[{"@type":"SearchAction","target":{"@type":"EntryPoint","urlTemplate":"https:\/\/impresee.com\/?s={search_term_string}"},"query-input":{"@type":"PropertyValueSpecification","valueRequired":true,"valueName":"search_term_string"}}],"inLanguage":"es-CL"},{"@type":"Organization","@id":"https:\/\/impresee.com\/#organization","name":"Impresee","url":"https:\/\/impresee.com\/","logo":{"@type":"ImageObject","inLanguage":"es-CL","@id":"https:\/\/impresee.com\/#\/schema\/logo\/image\/","url":"https:\/\/impresee.com\/wp-content\/uploads\/2019\/01\/logo_color_negro_sf_web-e1547827174322.png","contentUrl":"https:\/\/impresee.com\/wp-content\/uploads\/2019\/01\/logo_color_negro_sf_web-e1547827174322.png","width":400,"height":152,"caption":"Impresee"},"image":{"@id":"https:\/\/impresee.com\/#\/schema\/logo\/image\/"},"sameAs":["https:\/\/www.facebook.com\/impresee\/","https:\/\/x.com\/impresee","https:\/\/www.instagram.com\/impresee.ai\/","https:\/\/www.linkedin.com\/company\/impresee","https:\/\/www.youtube.com\/channel\/UC5ZniKfJGvG8t4GrOOgYczA"]}]}},"_links":{"self":[{"href":"https:\/\/impresee.com\/es\/wp-json\/wp\/v2\/pages\/8083","targetHints":{"allow":["GET"]}}],"collection":[{"href":"https:\/\/impresee.com\/es\/wp-json\/wp\/v2\/pages"}],"about":[{"href":"https:\/\/impresee.com\/es\/wp-json\/wp\/v2\/types\/page"}],"author":[{"embeddable":true,"href":"https:\/\/impresee.com\/es\/wp-json\/wp\/v2\/users\/1"}],"replies":[{"embeddable":true,"href":"https:\/\/impresee.com\/es\/wp-json\/wp\/v2\/comments?post=8083"}],"version-history":[{"count":22,"href":"https:\/\/impresee.com\/es\/wp-json\/wp\/v2\/pages\/8083\/revisions"}],"predecessor-version":[{"id":12870,"href":"https:\/\/impresee.com\/es\/wp-json\/wp\/v2\/pages\/8083\/revisions\/12870"}],"wp:attachment":[{"href":"https:\/\/impresee.com\/es\/wp-json\/wp\/v2\/media?parent=8083"}],"curies":[{"name":"wp","href":"https:\/\/api.w.org\/{rel}","templated":true}]}}