{"id":8111,"date":"2021-01-11T16:35:41","date_gmt":"2021-01-11T19:35:41","guid":{"rendered":"https:\/\/impresee.com\/?page_id=8111"},"modified":"2023-09-05T17:45:31","modified_gmt":"2023-09-05T20:45:31","slug":"product-data-feed-specification-xml","status":"publish","type":"page","link":"https:\/\/impresee.com\/es\/product-data-feed-specification-xml\/","title":{"rendered":"Product Data Feed Specification XML"},"content":{"rendered":"<p>[et_pb_section fb_built=&#8221;1&#8243; _builder_version=&#8221;4.16&#8243; _module_preset=&#8221;default&#8221; da_disable_devices=&#8221;off|off|off&#8221; global_colors_info=&#8221;{}&#8221; da_is_popup=&#8221;off&#8221; da_exit_intent=&#8221;off&#8221; da_has_close=&#8221;on&#8221; da_alt_close=&#8221;off&#8221; da_dark_close=&#8221;off&#8221; da_not_modal=&#8221;on&#8221; da_is_singular=&#8221;off&#8221; da_with_loader=&#8221;off&#8221; da_has_shadow=&#8221;on&#8221;][et_pb_row column_structure=&#8221;3_4,1_4&#8243; _builder_version=&#8221;4.16&#8243; _module_preset=&#8221;default&#8221; global_colors_info=&#8221;{}&#8221;][et_pb_column type=&#8221;3_4&#8243; _builder_version=&#8221;4.16&#8243; _module_preset=&#8221;default&#8221; global_colors_info=&#8221;{}&#8221;][et_pb_text _builder_version=&#8221;4.16&#8243; _module_preset=&#8221;default&#8221; custom_padding=&#8221;||1px|||&#8221; global_colors_info=&#8221;{}&#8221;]<\/p>\n<h1 role=\"group\" aria-multiline=\"true\" aria-label=\"Block: Heading\" style=\"white-space: pre-wrap;\" class=\"block-editor-rich-text__editable block-editor-block-list__block wp-block is-hovered rich-text\" id=\"block-27a58a22-8038-4ed7-b74f-65e2e018acc6\" data-block=\"27a58a22-8038-4ed7-b74f-65e2e018acc6\" data-type=\"core\/heading\" data-title=\"Heading\" contenteditable=\"true\" tabindex=\"0\"><b>Especificaci\u00f3n de feed de productos (XML)<\/b><\/h1>\n<p>[\/et_pb_text][et_pb_text _builder_version=&#8221;4.16&#8243; _module_preset=&#8221;default&#8221; global_colors_info=&#8221;{}&#8221;]<\/p>\n<p><strong>El conjunto de productos sobre los cuales se busca se define en un archivo que contiene todos los productos activos, junto con sus im\u00e1genes, categor\u00edas y otros campos textuales.<\/strong><\/p>\n<p>&nbsp;<\/p>\n<p>[\/et_pb_text][et_pb_text module_id=&#8221;xml&#8221; _builder_version=&#8221;4.16&#8243; _module_preset=&#8221;default&#8221; global_colors_info=&#8221;{}&#8221;]<\/p>\n<h2>Especificaci\u00f3n de XML de Impresee v2.0<\/h2>\n<p>[\/et_pb_text][et_pb_text _builder_version=&#8221;4.16&#8243; _module_preset=&#8221;default&#8221; global_colors_info=&#8221;{}&#8221;]<\/p>\n<p><span style=\"font-weight: 400;\">Las plataformas de e-commerce ofrecen diferentes herramientas para exportar productos en diferentes formatos. Impresee admite diferentes formatos de cat\u00e1logo de muchas plataformas. Un posible formato es el siguiente:<\/span><\/p>\n<p>[\/et_pb_text][et_pb_text _builder_version=&#8221;4.16&#8243; _module_preset=&#8221;default&#8221; global_colors_info=&#8221;{}&#8221;]<script src=\"https:\/\/gist.github.com\/CamilaAlvarez\/f2f0c523988f40297d7245aedff24c95.js\"><\/script>[\/et_pb_text][et_pb_text _builder_version=&#8221;4.16&#8243; _module_preset=&#8221;default&#8221; global_colors_info=&#8221;{}&#8221;]<\/p>\n<p><span style=\"font-weight: 400;\">El XML debe contener todos los productos activos y sus atributos. Estos atributos se utilizan para configurar la b\u00fasqueda de texto, la b\u00fasqueda visual y los filtros.<\/span><\/p>\n<p><span style=\"font-weight: 400;\">Los campos obligatorios para cada producto son los siguientes:<\/span><\/p>\n<ul>\n<li style=\"font-weight: 400;\"><b>&lt;id&gt;<\/b><span style=\"font-weight: 400;\"> identificador \u00fanico del producto. Debe ser \u00fanico en todo el cat\u00e1logo.<\/span><\/li>\n<li style=\"font-weight: 400;\"><b>&lt;url&gt;<\/b><span style=\"font-weight: 400;\"> URL de la ficha de producto<\/span><\/li>\n<li style=\"font-weight: 400;\"><b>&lt;name&gt; <\/b><span style=\"font-weight: 400;\">nombre del producto<\/span><\/li>\n<li style=\"font-weight: 400;\"><b>&lt;price&gt;<\/b><span style=\"font-weight: 400;\">\u00a0 precio que se muestra al usuario<\/span><\/li>\n<li style=\"font-weight: 400;\"><b>&lt;price_from&gt;<\/b><span style=\"font-weight: 400;\"> Precio anterior o de lista del producto. Se utiliza para calcular el descuento.\u00a0<\/span><\/li>\n<li style=\"font-weight: 400;\"><b>&lt;main_image&gt;<\/b><span style=\"font-weight: 400;\"> URL de la imagen del producto utilizada. Se utiliza en la b\u00fasqueda visual y tambi\u00e9n para mostrar resultados. Al procesar el cat\u00e1logo, la imagen se descarga desde esa URL.<\/span><\/li>\n<\/ul>\n<p><span style=\"font-weight: 400;\">Los atributos opcionales son:<\/span><\/p>\n<ul>\n<li style=\"font-weight: 400;\"><b>&lt;description&gt;<\/b><span style=\"font-weight: 400;\"> Texto con la descripci\u00f3n larga del producto.<\/span><\/li>\n<li style=\"font-weight: 400;\"><b>&lt;main_category&gt;<\/b><span style=\"font-weight: 400;\">\u00a0 Texto con la categor\u00eda del producto. Un \u00e1rbol de categor\u00edas est\u00e1 separado por \/. Por ejemplo: Decoraci\u00f3n \/ L\u00e1mparas \/ L\u00e1mparas de Pie<\/span><\/li>\n<li style=\"font-weight: 400;\"><b>&lt;product_vendor&gt;<\/b><span style=\"font-weight: 400;\"> Texto con la marca del producto<\/span><\/li>\n<li style=\"font-weight: 400;\"><b>&lt;parent_code&gt;<\/b><span style=\"font-weight: 400;\"> Se utiliza para agrupar variantes. Los productos con el mismo parent_code se agrupan en un \u00fanico resultado.<\/span><\/li>\n<li style=\"font-weight: 400;\"><b>&lt;secondary_image1&gt;<\/b><span style=\"font-weight: 400;\">, <\/span><b>&lt;secondary_image2&gt;<\/b><span style=\"font-weight: 400;\">etc. Im\u00e1genes extra del producto. Es posible definir la b\u00fasqueda visual para utilizar tambi\u00e9n estas im\u00e1genes. Puedes incluir tantas im\u00e1genes como sea necesario<\/span><\/li>\n<li style=\"font-weight: 400;\"><b>&lt;secondary_category1&gt;<\/b><span style=\"font-weight: 400;\">, <\/span><b>&lt;secondary_category2&gt;<\/b><span style=\"font-weight: 400;\">, etc.\u00a0 Otras categor\u00edas de productos. Puedes definir tantas categor\u00edas como sea necesario<\/span><\/li>\n<li style=\"font-weight: 400;\"><b>&lt;atributo&gt;<\/b><span style=\"font-weight: 400;\">\u00a0 you can define all the attributes of the products you need. Afterward you have to configure the use of each attribute, whether as a filter, search field, sort, or data to display. For example <\/span><b>&lt;size&gt;<\/b><span style=\"font-weight: 400;\">, <\/span><b>&lt;color&gt;<\/b><span style=\"font-weight: 400;\">, <\/span><b>&lt;brand&gt;<\/b><span style=\"font-weight: 400;\">, <\/span><b>&lt;material&gt;<\/b><span style=\"font-weight: 400;\">, <\/span><b>&lt;new&gt;<\/b><span style=\"font-weight: 400;\">, <\/span><b>&lt;stock&gt;<\/b><span style=\"font-weight: 400;\">, etc.<\/span><\/li>\n<\/ul>\n<p>[\/et_pb_text][et_pb_text module_id=&#8221;sync&#8221; _builder_version=&#8221;4.16&#8243; _module_preset=&#8221;default&#8221; global_colors_info=&#8221;{}&#8221;]<\/p>\n<h2>Sincronizaci\u00f3n del feed de productos<\/h2>\n<p>[\/et_pb_text][et_pb_text _builder_version=&#8221;4.16&#8243; _module_preset=&#8221;default&#8221; global_colors_info=&#8221;{}&#8221;]<\/p>\n<p class=\" translation-block\"><span style=\"font-weight: 400\">En la <a href=\"https:\/\/console.impresee.com\" target=\"_self\">consola de administraci\u00f3n de Impresee<\/a> puedes configurar la URL donde descargar el archivo, el formato del archivo (XML, CSV u otro) y la frecuencia de actualizaci\u00f3n, ya sea a una hora del d\u00eda (p. ej. a las 00:00), cada cierto periodo de tiempo (p. ej. cada 2 horas), manualmente, etc.<\/p>\n<p><span style=\"font-weight: 400;\">En el caso de la actualizaci\u00f3n autom\u00e1tica, cuando se cumple el criterio de tiempo, Impresee descarga la URL, procesa los datos descargados y actualiza los productos en el motor de b\u00fasqueda.<\/span><\/p>\n<p class=\" translation-block\"><span style=\"font-weight: 400\">Para las actualizaciones manuales, debes acceder a la <a href=\"https:\/\/console.impresee.com\" target=\"_self\"> consola de administraci\u00f3n de Impresee<\/a> y hacer clic en el bot\u00f3n actualizar. Tambi\u00e9n puedes invocar el siguiente servicio para activar una actualizaci\u00f3n del cat\u00e1logo:<\/span><span style=\"font-weight: 400\">\u00a0<\/span><\/p>\n<p>[\/et_pb_text][et_pb_text _builder_version=&#8221;4.16&#8243; _module_preset=&#8221;default&#8221; global_colors_info=&#8221;{}&#8221;]<\/p>\n<pre>https:\/\/api.impresee.com\/ImpreseeAdmin\/api\/v1\/rest\/update_now\/{catalog_code}<\/pre>\n<p>[\/et_pb_text][et_pb_text _builder_version=&#8221;4.16&#8243; _module_preset=&#8221;default&#8221; global_colors_info=&#8221;{}&#8221;]<\/p>\n<p class=\" translation-block\"><span style=\"font-weight: 400\">Para obtener tu <strong>catalog_code<\/strong> por favor cont\u00e1ctanos a <a href=\"mailto:support@impresee.com\" target=\"_self\">support@impresee.com<\/a>.<br><\/span><\/p>\n<p>[\/et_pb_text][\/et_pb_column][et_pb_column type=&#8221;1_4&#8243; _builder_version=&#8221;4.16&#8243; _module_preset=&#8221;default&#8221; global_colors_info=&#8221;{}&#8221;][et_pb_button button_url=&#8221;#xml&#8221; button_text=&#8221;Impresee XML specification v2.0&#8243; _builder_version=&#8221;4.16&#8243; _module_preset=&#8221;default&#8221; custom_button=&#8221;on&#8221; button_text_color=&#8221;#000000&#8243; button_bg_color=&#8221;rgba(0,0,0,0)&#8221; button_border_width=&#8221;0px&#8221; global_colors_info=&#8221;{}&#8221;][\/et_pb_button][et_pb_button button_url=&#8221;#sync&#8221; button_text=&#8221;Synchronization of the product data feed&#8221; _builder_version=&#8221;4.16&#8243; _module_preset=&#8221;default&#8221; custom_button=&#8221;on&#8221; button_text_color=&#8221;#000000&#8243; button_bg_color=&#8221;rgba(0,0,0,0)&#8221; button_border_width=&#8221;0px&#8221; global_colors_info=&#8221;{}&#8221;][\/et_pb_button][\/et_pb_column][\/et_pb_row][\/et_pb_section]<\/p>","protected":false},"excerpt":{"rendered":"<p>Product Data Feed Specification (XML)The set of products to perform the search is defined in a file containing all the active products, including their images, categories, and texts. &nbsp;Impresee XML specification v2.0E-commerce platforms offer different tools to export products in different formats. Impresee supports different catalog formats from many platforms. A possible format is the [&hellip;]<\/p>","protected":false},"author":1,"featured_media":0,"parent":0,"menu_order":0,"comment_status":"closed","ping_status":"closed","template":"","meta":{"_et_pb_use_builder":"on","_et_pb_old_content":"","_et_gb_content_width":"","footnotes":""},"class_list":["post-8111","page","type-page","status-publish","hentry"],"yoast_head":"<!-- This site is optimized with the Yoast SEO plugin v24.1 - https:\/\/yoast.com\/wordpress\/plugins\/seo\/ -->\n<title>Product Data Feed Specification XML &#8211; Impresee: Search bar and navigation solutions for eCommerce<\/title>\n<meta name=\"robots\" content=\"index, follow, max-snippet:-1, max-image-preview:large, max-video-preview:-1\" \/>\n<link rel=\"canonical\" href=\"https:\/\/impresee.com\/es\/product-data-feed-specification-xml\/\" \/>\n<meta property=\"og:locale\" content=\"es_ES\" \/>\n<meta property=\"og:type\" content=\"article\" \/>\n<meta property=\"og:title\" content=\"Product Data Feed Specification XML &#8211; Impresee: Search bar and navigation solutions for eCommerce\" \/>\n<meta property=\"og:description\" content=\"Product Data Feed Specification (XML)The set of products to perform the search is defined in a file containing all the active products, including their images, categories, and texts. &nbsp;Impresee XML specification v2.0E-commerce platforms offer different tools to export products in different formats. Impresee supports different catalog formats from many platforms. A possible format is the [&hellip;]\" \/>\n<meta property=\"og:url\" content=\"https:\/\/impresee.com\/es\/product-data-feed-specification-xml\/\" \/>\n<meta property=\"og:site_name\" content=\"Impresee: Search bar and navigation solutions for eCommerce\" \/>\n<meta property=\"article:publisher\" content=\"https:\/\/www.facebook.com\/impresee\/\" \/>\n<meta property=\"article:modified_time\" content=\"2023-09-05T20:45:31+00:00\" \/>\n<meta property=\"og:image\" content=\"https:\/\/impresee.com\/wp-content\/uploads\/2019\/01\/favicon-1.png\" \/>\n\t<meta property=\"og:image:width\" content=\"200\" \/>\n\t<meta property=\"og:image:height\" content=\"200\" \/>\n\t<meta property=\"og:image:type\" content=\"image\/png\" \/>\n<meta name=\"twitter:card\" content=\"summary_large_image\" \/>\n<meta name=\"twitter:site\" content=\"@impresee\" \/>\n<meta name=\"twitter:label1\" content=\"Tiempo estimado de lectura\" \/>\n\t<meta name=\"twitter:data1\" content=\"4 minutos\" \/>\n<script type=\"application\/ld+json\" class=\"yoast-schema-graph\">{\"@context\":\"https:\/\/schema.org\",\"@graph\":[{\"@type\":\"WebPage\",\"@id\":\"https:\/\/impresee.com\/product-data-feed-specification-xml\/\",\"url\":\"https:\/\/impresee.com\/product-data-feed-specification-xml\/\",\"name\":\"Product Data Feed Specification XML &#8211; Impresee: Search bar and navigation solutions for eCommerce\",\"isPartOf\":{\"@id\":\"https:\/\/impresee.com\/#website\"},\"datePublished\":\"2021-01-11T19:35:41+00:00\",\"dateModified\":\"2023-09-05T20:45:31+00:00\",\"breadcrumb\":{\"@id\":\"https:\/\/impresee.com\/product-data-feed-specification-xml\/#breadcrumb\"},\"inLanguage\":\"es-CL\",\"potentialAction\":[{\"@type\":\"ReadAction\",\"target\":[\"https:\/\/impresee.com\/product-data-feed-specification-xml\/\"]}]},{\"@type\":\"BreadcrumbList\",\"@id\":\"https:\/\/impresee.com\/product-data-feed-specification-xml\/#breadcrumb\",\"itemListElement\":[{\"@type\":\"ListItem\",\"position\":1,\"name\":\"Home\",\"item\":\"https:\/\/impresee.com\/\"},{\"@type\":\"ListItem\",\"position\":2,\"name\":\"Product Data Feed Specification XML\"}]},{\"@type\":\"WebSite\",\"@id\":\"https:\/\/impresee.com\/#website\",\"url\":\"https:\/\/impresee.com\/\",\"name\":\"Impresee\",\"description\":\"AI search bar, filters and discount games for eCommerce to get more visitors, increase conversion and get repeat sales. Available for Shopify, Woocomerce, Magento and others\",\"publisher\":{\"@id\":\"https:\/\/impresee.com\/#organization\"},\"potentialAction\":[{\"@type\":\"SearchAction\",\"target\":{\"@type\":\"EntryPoint\",\"urlTemplate\":\"https:\/\/impresee.com\/?s={search_term_string}\"},\"query-input\":{\"@type\":\"PropertyValueSpecification\",\"valueRequired\":true,\"valueName\":\"search_term_string\"}}],\"inLanguage\":\"es-CL\"},{\"@type\":\"Organization\",\"@id\":\"https:\/\/impresee.com\/#organization\",\"name\":\"Impresee\",\"url\":\"https:\/\/impresee.com\/\",\"logo\":{\"@type\":\"ImageObject\",\"inLanguage\":\"es-CL\",\"@id\":\"https:\/\/impresee.com\/#\/schema\/logo\/image\/\",\"url\":\"https:\/\/impresee.com\/wp-content\/uploads\/2019\/01\/logo_color_negro_sf_web-e1547827174322.png\",\"contentUrl\":\"https:\/\/impresee.com\/wp-content\/uploads\/2019\/01\/logo_color_negro_sf_web-e1547827174322.png\",\"width\":400,\"height\":152,\"caption\":\"Impresee\"},\"image\":{\"@id\":\"https:\/\/impresee.com\/#\/schema\/logo\/image\/\"},\"sameAs\":[\"https:\/\/www.facebook.com\/impresee\/\",\"https:\/\/x.com\/impresee\",\"https:\/\/www.instagram.com\/impresee.ai\/\",\"https:\/\/www.linkedin.com\/company\/impresee\",\"https:\/\/www.youtube.com\/channel\/UC5ZniKfJGvG8t4GrOOgYczA\"]}]}<\/script>\n<!-- \/ Yoast SEO plugin. -->","yoast_head_json":{"title":"Product Data Feed Specification XML &#8211; Impresee: Search bar and navigation solutions for eCommerce","robots":{"index":"index","follow":"follow","max-snippet":"max-snippet:-1","max-image-preview":"max-image-preview:large","max-video-preview":"max-video-preview:-1"},"canonical":"https:\/\/impresee.com\/es\/product-data-feed-specification-xml\/","og_locale":"es_ES","og_type":"article","og_title":"Product Data Feed Specification XML &#8211; Impresee: Search bar and navigation solutions for eCommerce","og_description":"Product Data Feed Specification (XML)The set of products to perform the search is defined in a file containing all the active products, including their images, categories, and texts. &nbsp;Impresee XML specification v2.0E-commerce platforms offer different tools to export products in different formats. Impresee supports different catalog formats from many platforms. A possible format is the [&hellip;]","og_url":"https:\/\/impresee.com\/es\/product-data-feed-specification-xml\/","og_site_name":"Impresee: Search bar and navigation solutions for eCommerce","article_publisher":"https:\/\/www.facebook.com\/impresee\/","article_modified_time":"2023-09-05T20:45:31+00:00","og_image":[{"width":200,"height":200,"url":"https:\/\/impresee.com\/wp-content\/uploads\/2019\/01\/favicon-1.png","type":"image\/png"}],"twitter_card":"summary_large_image","twitter_site":"@impresee","twitter_misc":{"Tiempo estimado de lectura":"4 minutos"},"schema":{"@context":"https:\/\/schema.org","@graph":[{"@type":"WebPage","@id":"https:\/\/impresee.com\/product-data-feed-specification-xml\/","url":"https:\/\/impresee.com\/product-data-feed-specification-xml\/","name":"Product Data Feed Specification XML &#8211; Impresee: Search bar and navigation solutions for eCommerce","isPartOf":{"@id":"https:\/\/impresee.com\/#website"},"datePublished":"2021-01-11T19:35:41+00:00","dateModified":"2023-09-05T20:45:31+00:00","breadcrumb":{"@id":"https:\/\/impresee.com\/product-data-feed-specification-xml\/#breadcrumb"},"inLanguage":"es-CL","potentialAction":[{"@type":"ReadAction","target":["https:\/\/impresee.com\/product-data-feed-specification-xml\/"]}]},{"@type":"BreadcrumbList","@id":"https:\/\/impresee.com\/product-data-feed-specification-xml\/#breadcrumb","itemListElement":[{"@type":"ListItem","position":1,"name":"Home","item":"https:\/\/impresee.com\/"},{"@type":"ListItem","position":2,"name":"Product Data Feed Specification XML"}]},{"@type":"WebSite","@id":"https:\/\/impresee.com\/#website","url":"https:\/\/impresee.com\/","name":"Impresee","description":"AI search bar, filters and discount games for eCommerce to get more visitors, increase conversion and get repeat sales. Available for Shopify, Woocomerce, Magento and others","publisher":{"@id":"https:\/\/impresee.com\/#organization"},"potentialAction":[{"@type":"SearchAction","target":{"@type":"EntryPoint","urlTemplate":"https:\/\/impresee.com\/?s={search_term_string}"},"query-input":{"@type":"PropertyValueSpecification","valueRequired":true,"valueName":"search_term_string"}}],"inLanguage":"es-CL"},{"@type":"Organization","@id":"https:\/\/impresee.com\/#organization","name":"Impresee","url":"https:\/\/impresee.com\/","logo":{"@type":"ImageObject","inLanguage":"es-CL","@id":"https:\/\/impresee.com\/#\/schema\/logo\/image\/","url":"https:\/\/impresee.com\/wp-content\/uploads\/2019\/01\/logo_color_negro_sf_web-e1547827174322.png","contentUrl":"https:\/\/impresee.com\/wp-content\/uploads\/2019\/01\/logo_color_negro_sf_web-e1547827174322.png","width":400,"height":152,"caption":"Impresee"},"image":{"@id":"https:\/\/impresee.com\/#\/schema\/logo\/image\/"},"sameAs":["https:\/\/www.facebook.com\/impresee\/","https:\/\/x.com\/impresee","https:\/\/www.instagram.com\/impresee.ai\/","https:\/\/www.linkedin.com\/company\/impresee","https:\/\/www.youtube.com\/channel\/UC5ZniKfJGvG8t4GrOOgYczA"]}]}},"_links":{"self":[{"href":"https:\/\/impresee.com\/es\/wp-json\/wp\/v2\/pages\/8111","targetHints":{"allow":["GET"]}}],"collection":[{"href":"https:\/\/impresee.com\/es\/wp-json\/wp\/v2\/pages"}],"about":[{"href":"https:\/\/impresee.com\/es\/wp-json\/wp\/v2\/types\/page"}],"author":[{"embeddable":true,"href":"https:\/\/impresee.com\/es\/wp-json\/wp\/v2\/users\/1"}],"replies":[{"embeddable":true,"href":"https:\/\/impresee.com\/es\/wp-json\/wp\/v2\/comments?post=8111"}],"version-history":[{"count":6,"href":"https:\/\/impresee.com\/es\/wp-json\/wp\/v2\/pages\/8111\/revisions"}],"predecessor-version":[{"id":12875,"href":"https:\/\/impresee.com\/es\/wp-json\/wp\/v2\/pages\/8111\/revisions\/12875"}],"wp:attachment":[{"href":"https:\/\/impresee.com\/es\/wp-json\/wp\/v2\/media?parent=8111"}],"curies":[{"name":"wp","href":"https:\/\/api.w.org\/{rel}","templated":true}]}}