{"id":8119,"date":"2021-01-11T17:01:14","date_gmt":"2021-01-11T20:01:14","guid":{"rendered":"https:\/\/impresee.com\/?page_id=8119"},"modified":"2023-09-05T17:44:09","modified_gmt":"2023-09-05T20:44:09","slug":"product-data-feed-specification-csv","status":"publish","type":"page","link":"https:\/\/impresee.com\/es\/product-data-feed-specification-csv\/","title":{"rendered":"Product Data Feed Specification CSV"},"content":{"rendered":"<p>[et_pb_section fb_built=&#8221;1&#8243; _builder_version=&#8221;4.16&#8243; _module_preset=&#8221;default&#8221; da_disable_devices=&#8221;off|off|off&#8221; global_colors_info=&#8221;{}&#8221; da_is_popup=&#8221;off&#8221; da_exit_intent=&#8221;off&#8221; da_has_close=&#8221;on&#8221; da_alt_close=&#8221;off&#8221; da_dark_close=&#8221;off&#8221; da_not_modal=&#8221;on&#8221; da_is_singular=&#8221;off&#8221; da_with_loader=&#8221;off&#8221; da_has_shadow=&#8221;on&#8221;][et_pb_row column_structure=&#8221;3_4,1_4&#8243; _builder_version=&#8221;4.16&#8243; _module_preset=&#8221;default&#8221; global_colors_info=&#8221;{}&#8221;][et_pb_column type=&#8221;3_4&#8243; _builder_version=&#8221;4.16&#8243; _module_preset=&#8221;default&#8221; global_colors_info=&#8221;{}&#8221;][et_pb_text _builder_version=&#8221;4.16&#8243; _module_preset=&#8221;default&#8221; custom_padding=&#8221;||1px|||&#8221; global_colors_info=&#8221;{}&#8221;]<\/p>\n<h1 role=\"group\" aria-multiline=\"true\" aria-label=\"Block: Heading\" style=\"white-space: pre-wrap;\" class=\"block-editor-rich-text__editable block-editor-block-list__block wp-block is-hovered rich-text\" id=\"block-27a58a22-8038-4ed7-b74f-65e2e018acc6\" data-block=\"27a58a22-8038-4ed7-b74f-65e2e018acc6\" data-type=\"core\/heading\" data-title=\"Heading\" contenteditable=\"true\" tabindex=\"0\"><b>Especificaci\u00f3n de feed de productos (CSV)<\/b><\/h1>\n<p>[\/et_pb_text][et_pb_text _builder_version=&#8221;4.16&#8243; _module_preset=&#8221;default&#8221; global_colors_info=&#8221;{}&#8221;]<\/p>\n<p><strong>El conjunto de productos sobre los cuales se busca se define en un archivo que contiene todos los productos activos, junto con sus im\u00e1genes, categor\u00edas y otros campos textuales.<\/strong><\/p>\n<p>&nbsp;<\/p>\n<p>[\/et_pb_text][et_pb_text module_id=&#8221;csv&#8221; _builder_version=&#8221;4.16&#8243; _module_preset=&#8221;default&#8221; global_colors_info=&#8221;{}&#8221;]<\/p>\n<h2>Especificaci\u00f3n de CSV de Impresee v1.0<\/h2>\n<p>[\/et_pb_text][et_pb_text _builder_version=&#8221;4.16&#8243; _module_preset=&#8221;default&#8221; global_colors_info=&#8221;{}&#8221;]<\/p>\n<p>El conjunto de productos para realizar las b\u00fasquedas se puede describir mediante un CSV. Este archivo contiene toda la informaci\u00f3n del producto necesaria para realizar b\u00fasquedas y mostrar resultados de b\u00fasqueda: categor\u00edas, im\u00e1genes y atributos textuales del producto. El archivo CSV tiene la siguiente estructura:<\/p>\n<table role=\"table\">\n<thead>\n<tr>\n<th>Id<\/th>\n<th>Title<\/th>\n<th>URL<\/th>\n<th>Image URL<\/th>\n<th>[Description]<\/th>\n<th>[Price]<\/th>\n<th>[Category]<\/th>\n<th>[Normal Price]<\/th>\n<\/tr>\n<\/thead>\n<\/table>\n<p>[\/et_pb_text][et_pb_text _builder_version=&#8221;4.16&#8243; _module_preset=&#8221;default&#8221; global_colors_info=&#8221;{}&#8221;]<\/p>\n<p class=\" translation-block\">Los diferentes valores deben especificarse entre comillas dobles <em><strong>(\u201d \u201c)<\/strong><\/em>. Los valores deben estar separados mediante comas (\u201c<strong>,<\/strong>\u201c). Los valores entre <strong>[ ]<\/strong> son opcionales. En caso de que el valor no exista se debe dejar en blanco (ejemplo: \u201cvalor,, valor\u201d). Ten en cuenta que el orden de las columnas es fijo, eso significa que la primera columna es el valor del sku, la segunda es el t\u00edtulo del producto y as\u00ed sucesivamente.<\/p>\n<ul>\n<li class=\" translation-block\">El atributo <strong><code>Id<\/code><\/strong> define el c\u00f3digo del producto, el cual debe ser \u00fanico dentro del cat\u00e1logo. Normalmente es la SKU del producto, aunque puede ser cualquier otro ID.<\/li>\n<li class=\" translation-block\">El <strong><code>Title<\/code><\/strong> corresponde al t\u00edtulo (o nombre) del producto.<\/li>\n<li class=\" translation-block\">El atributo <strong><code>URL<\/code><\/strong> es el enlace a la p\u00e1gina de la tienda, donde se pueden encontrar los detalles del producto.<\/li>\n<li class=\" translation-block\">El atributo <code><strong>Image URL<\/strong><\/code> es una URL p\u00fablica donde se encuentra la primera imagen de cada producto, o sea la principal. Los servidores de Impresee descargar\u00e1n la imagen del producto desde esta URL.<\/li>\n<li class=\" translation-block\">El atributo <strong><code>Description<\/code><\/strong> corresponde a la descripci\u00f3n detallada del producto. Esta descripci\u00f3n se utiliza en la b\u00fasqueda basada en texto.<\/li>\n<li class=\" translation-block\">El atributo <strong><code>Price<\/code><\/strong> es el precio del producto.<\/li>\n<li class=\" translation-block\">El atributo <strong><code>Category<\/code><\/strong> define la categor\u00eda a la que pertenece el producto.<\/li>\n<\/ul>\n<p>A continuaci\u00f3n se puede encontrar un ejemplo de un cat\u00e1logo en este formato:<\/p>\n<p>[\/et_pb_text][et_pb_text _builder_version=&#8221;4.16&#8243; _module_preset=&#8221;default&#8221; global_colors_info=&#8221;{}&#8221;]<script src=\"https:\/\/gist.github.com\/CamilaAlvarez\/e52e23d404cacfbc21ca82f635c84855.js\"><\/script>[\/et_pb_text][et_pb_text module_id=&#8221;observations&#8221; _builder_version=&#8221;4.16&#8243; _module_preset=&#8221;default&#8221; global_colors_info=&#8221;{}&#8221;]<\/p>\n<h2>Observaciones<\/h2>\n<p>[\/et_pb_text][et_pb_text _builder_version=&#8221;4.22.1&#8243; _module_preset=&#8221;default&#8221; hover_enabled=&#8221;0&#8243; global_colors_info=&#8221;{}&#8221; sticky_enabled=&#8221;0&#8243;]<\/p>\n<ul>\n<li class=\" translation-block\"><strong>NO<\/strong> incluya el encabezado (con el nombre de las columnas) como la primera fila del archivo.<\/li>\n<li class=\" translation-block\">Si alg\u00fan valor contiene una coma (<strong><code>,<\/code><\/strong>), el valor <strong>DEBE estar entre comillas dobles<\/strong>.<\/li>\n<li>Cualquier car\u00e1cter especial (car\u00e1cter de nueva l\u00ednea, comillas dobles, entre otros) debe tener car\u00e1cter de escape.<\/li>\n<\/ul>\n<p>[\/et_pb_text][et_pb_text module_id=&#8221;sync&#8221; _builder_version=&#8221;4.16&#8243; _module_preset=&#8221;default&#8221; global_colors_info=&#8221;{}&#8221;]<\/p>\n<h2>Sincronizaci\u00f3n del feed de productos<\/h2>\n<p>[\/et_pb_text][et_pb_text _builder_version=&#8221;4.16&#8243; _module_preset=&#8221;default&#8221; global_colors_info=&#8221;{}&#8221;]<\/p>\n<p class=\" translation-block\"><span style=\"font-weight: 400\">En la <a href=\"https:\/\/console.impresee.com\" target=\"_self\">consola de administraci\u00f3n de Impresee<\/a> puedes configurar la URL donde descargar el archivo, el formato del archivo (XML, CSV u otro) y la frecuencia de actualizaci\u00f3n, ya sea a una hora del d\u00eda (p. ej. a las 00:00), cada cierto periodo de tiempo (p. ej. cada 2 horas), manualmente, etc.<\/p>\n<p><span style=\"font-weight: 400;\">En el caso de la actualizaci\u00f3n autom\u00e1tica, cuando se cumple el criterio de tiempo, Impresee descarga la URL, procesa los datos descargados y actualiza los productos en el motor de b\u00fasqueda.<\/span><\/p>\n<p class=\" translation-block\"><span style=\"font-weight: 400\">Para las actualizaciones manuales, debes acceder a la <a href=\"https:\/\/console.impresee.com\" target=\"_self\"> consola de administraci\u00f3n de Impresee<\/a> y hacer clic en el bot\u00f3n actualizar. Tambi\u00e9n puedes invocar el siguiente servicio para activar una actualizaci\u00f3n del cat\u00e1logo:<\/span><span style=\"font-weight: 400\">\u00a0<\/span><\/p>\n<p>[\/et_pb_text][et_pb_text _builder_version=&#8221;4.16&#8243; _module_preset=&#8221;default&#8221; global_colors_info=&#8221;{}&#8221;]<\/p>\n<pre>https:\/\/api.impresee.com\/ImpreseeAdmin\/api\/v1\/rest\/update_now\/{catalog_code}<\/pre>\n<p>[\/et_pb_text][et_pb_text _builder_version=&#8221;4.16&#8243; _module_preset=&#8221;default&#8221; global_colors_info=&#8221;{}&#8221;]<\/p>\n<p class=\" translation-block\"><span style=\"font-weight: 400\">Para obtener tu <strong>catalog_code<\/strong> por favor cont\u00e1ctanos a <a href=\"mailto:support@impresee.com\" target=\"_self\">support@impresee.com<\/a>.<br><\/span><\/p>\n<p>[\/et_pb_text][\/et_pb_column][et_pb_column type=&#8221;1_4&#8243; _builder_version=&#8221;4.16&#8243; _module_preset=&#8221;default&#8221; global_colors_info=&#8221;{}&#8221;][et_pb_button button_url=&#8221;#csv&#8221; button_text=&#8221;Impresee CSV specification v1.0&#8243; _builder_version=&#8221;4.16&#8243; _module_preset=&#8221;default&#8221; custom_button=&#8221;on&#8221; button_text_color=&#8221;#000000&#8243; button_bg_color=&#8221;rgba(0,0,0,0)&#8221; button_border_width=&#8221;0px&#8221; global_colors_info=&#8221;{}&#8221;][\/et_pb_button][et_pb_button button_url=&#8221;#observations&#8221; button_text=&#8221;Observations&#8221; _builder_version=&#8221;4.16&#8243; _module_preset=&#8221;default&#8221; custom_button=&#8221;on&#8221; button_text_color=&#8221;#000000&#8243; button_bg_color=&#8221;rgba(0,0,0,0)&#8221; button_border_width=&#8221;0px&#8221; global_colors_info=&#8221;{}&#8221;][\/et_pb_button][et_pb_button button_url=&#8221;#sync&#8221; button_text=&#8221;Synchronization of the product data feed&#8221; _builder_version=&#8221;4.16&#8243; _module_preset=&#8221;default&#8221; custom_button=&#8221;on&#8221; button_text_color=&#8221;#000000&#8243; button_bg_color=&#8221;rgba(0,0,0,0)&#8221; button_border_width=&#8221;0px&#8221; global_colors_info=&#8221;{}&#8221;][\/et_pb_button][\/et_pb_column][\/et_pb_row][\/et_pb_section]<\/p>","protected":false},"excerpt":{"rendered":"<p>Product Data Feed Specification (CSV)The set of products to perform the search is defined in a file containing all the active products, including their images, categories, and texts. &nbsp;Impresee CSV specification v1.0The set of products to perform the searches can be described via a CSV. This file contains all product information that is required to [&hellip;]<\/p>","protected":false},"author":1,"featured_media":0,"parent":0,"menu_order":0,"comment_status":"closed","ping_status":"closed","template":"","meta":{"_et_pb_use_builder":"on","_et_pb_old_content":"","_et_gb_content_width":"","footnotes":""},"class_list":["post-8119","page","type-page","status-publish","hentry"],"yoast_head":"<!-- This site is optimized with the Yoast SEO plugin v24.1 - https:\/\/yoast.com\/wordpress\/plugins\/seo\/ -->\n<title>Product Data Feed Specification CSV &#8211; Impresee: Search bar and navigation solutions for eCommerce<\/title>\n<meta name=\"robots\" content=\"index, follow, max-snippet:-1, max-image-preview:large, max-video-preview:-1\" \/>\n<link rel=\"canonical\" href=\"https:\/\/impresee.com\/es\/product-data-feed-specification-csv\/\" \/>\n<meta property=\"og:locale\" content=\"es_ES\" \/>\n<meta property=\"og:type\" content=\"article\" \/>\n<meta property=\"og:title\" content=\"Product Data Feed Specification CSV &#8211; Impresee: Search bar and navigation solutions for eCommerce\" \/>\n<meta property=\"og:description\" content=\"Product Data Feed Specification (CSV)The set of products to perform the search is defined in a file containing all the active products, including their images, categories, and texts. &nbsp;Impresee CSV specification v1.0The set of products to perform the searches can be described via a CSV. This file contains all product information that is required to [&hellip;]\" \/>\n<meta property=\"og:url\" content=\"https:\/\/impresee.com\/es\/product-data-feed-specification-csv\/\" \/>\n<meta property=\"og:site_name\" content=\"Impresee: Search bar and navigation solutions for eCommerce\" \/>\n<meta property=\"article:publisher\" content=\"https:\/\/www.facebook.com\/impresee\/\" \/>\n<meta property=\"article:modified_time\" content=\"2023-09-05T20:44:09+00:00\" \/>\n<meta property=\"og:image\" content=\"https:\/\/impresee.com\/wp-content\/uploads\/2019\/01\/favicon-1.png\" \/>\n\t<meta property=\"og:image:width\" content=\"200\" \/>\n\t<meta property=\"og:image:height\" content=\"200\" \/>\n\t<meta property=\"og:image:type\" content=\"image\/png\" \/>\n<meta name=\"twitter:card\" content=\"summary_large_image\" \/>\n<meta name=\"twitter:site\" content=\"@impresee\" \/>\n<meta name=\"twitter:label1\" content=\"Tiempo estimado de lectura\" \/>\n\t<meta name=\"twitter:data1\" content=\"4 minutos\" \/>\n<script type=\"application\/ld+json\" class=\"yoast-schema-graph\">{\"@context\":\"https:\/\/schema.org\",\"@graph\":[{\"@type\":\"WebPage\",\"@id\":\"https:\/\/impresee.com\/product-data-feed-specification-csv\/\",\"url\":\"https:\/\/impresee.com\/product-data-feed-specification-csv\/\",\"name\":\"Product Data Feed Specification CSV &#8211; Impresee: Search bar and navigation solutions for eCommerce\",\"isPartOf\":{\"@id\":\"https:\/\/impresee.com\/#website\"},\"datePublished\":\"2021-01-11T20:01:14+00:00\",\"dateModified\":\"2023-09-05T20:44:09+00:00\",\"breadcrumb\":{\"@id\":\"https:\/\/impresee.com\/product-data-feed-specification-csv\/#breadcrumb\"},\"inLanguage\":\"es-CL\",\"potentialAction\":[{\"@type\":\"ReadAction\",\"target\":[\"https:\/\/impresee.com\/product-data-feed-specification-csv\/\"]}]},{\"@type\":\"BreadcrumbList\",\"@id\":\"https:\/\/impresee.com\/product-data-feed-specification-csv\/#breadcrumb\",\"itemListElement\":[{\"@type\":\"ListItem\",\"position\":1,\"name\":\"Home\",\"item\":\"https:\/\/impresee.com\/\"},{\"@type\":\"ListItem\",\"position\":2,\"name\":\"Product Data Feed Specification CSV\"}]},{\"@type\":\"WebSite\",\"@id\":\"https:\/\/impresee.com\/#website\",\"url\":\"https:\/\/impresee.com\/\",\"name\":\"Impresee\",\"description\":\"AI search bar, filters and discount games for eCommerce to get more visitors, increase conversion and get repeat sales. Available for Shopify, Woocomerce, Magento and others\",\"publisher\":{\"@id\":\"https:\/\/impresee.com\/#organization\"},\"potentialAction\":[{\"@type\":\"SearchAction\",\"target\":{\"@type\":\"EntryPoint\",\"urlTemplate\":\"https:\/\/impresee.com\/?s={search_term_string}\"},\"query-input\":{\"@type\":\"PropertyValueSpecification\",\"valueRequired\":true,\"valueName\":\"search_term_string\"}}],\"inLanguage\":\"es-CL\"},{\"@type\":\"Organization\",\"@id\":\"https:\/\/impresee.com\/#organization\",\"name\":\"Impresee\",\"url\":\"https:\/\/impresee.com\/\",\"logo\":{\"@type\":\"ImageObject\",\"inLanguage\":\"es-CL\",\"@id\":\"https:\/\/impresee.com\/#\/schema\/logo\/image\/\",\"url\":\"https:\/\/impresee.com\/wp-content\/uploads\/2019\/01\/logo_color_negro_sf_web-e1547827174322.png\",\"contentUrl\":\"https:\/\/impresee.com\/wp-content\/uploads\/2019\/01\/logo_color_negro_sf_web-e1547827174322.png\",\"width\":400,\"height\":152,\"caption\":\"Impresee\"},\"image\":{\"@id\":\"https:\/\/impresee.com\/#\/schema\/logo\/image\/\"},\"sameAs\":[\"https:\/\/www.facebook.com\/impresee\/\",\"https:\/\/x.com\/impresee\",\"https:\/\/www.instagram.com\/impresee.ai\/\",\"https:\/\/www.linkedin.com\/company\/impresee\",\"https:\/\/www.youtube.com\/channel\/UC5ZniKfJGvG8t4GrOOgYczA\"]}]}<\/script>\n<!-- \/ Yoast SEO plugin. -->","yoast_head_json":{"title":"Product Data Feed Specification CSV &#8211; Impresee: Search bar and navigation solutions for eCommerce","robots":{"index":"index","follow":"follow","max-snippet":"max-snippet:-1","max-image-preview":"max-image-preview:large","max-video-preview":"max-video-preview:-1"},"canonical":"https:\/\/impresee.com\/es\/product-data-feed-specification-csv\/","og_locale":"es_ES","og_type":"article","og_title":"Product Data Feed Specification CSV &#8211; Impresee: Search bar and navigation solutions for eCommerce","og_description":"Product Data Feed Specification (CSV)The set of products to perform the search is defined in a file containing all the active products, including their images, categories, and texts. &nbsp;Impresee CSV specification v1.0The set of products to perform the searches can be described via a CSV. This file contains all product information that is required to [&hellip;]","og_url":"https:\/\/impresee.com\/es\/product-data-feed-specification-csv\/","og_site_name":"Impresee: Search bar and navigation solutions for eCommerce","article_publisher":"https:\/\/www.facebook.com\/impresee\/","article_modified_time":"2023-09-05T20:44:09+00:00","og_image":[{"width":200,"height":200,"url":"https:\/\/impresee.com\/wp-content\/uploads\/2019\/01\/favicon-1.png","type":"image\/png"}],"twitter_card":"summary_large_image","twitter_site":"@impresee","twitter_misc":{"Tiempo estimado de lectura":"4 minutos"},"schema":{"@context":"https:\/\/schema.org","@graph":[{"@type":"WebPage","@id":"https:\/\/impresee.com\/product-data-feed-specification-csv\/","url":"https:\/\/impresee.com\/product-data-feed-specification-csv\/","name":"Product Data Feed Specification CSV &#8211; Impresee: Search bar and navigation solutions for eCommerce","isPartOf":{"@id":"https:\/\/impresee.com\/#website"},"datePublished":"2021-01-11T20:01:14+00:00","dateModified":"2023-09-05T20:44:09+00:00","breadcrumb":{"@id":"https:\/\/impresee.com\/product-data-feed-specification-csv\/#breadcrumb"},"inLanguage":"es-CL","potentialAction":[{"@type":"ReadAction","target":["https:\/\/impresee.com\/product-data-feed-specification-csv\/"]}]},{"@type":"BreadcrumbList","@id":"https:\/\/impresee.com\/product-data-feed-specification-csv\/#breadcrumb","itemListElement":[{"@type":"ListItem","position":1,"name":"Home","item":"https:\/\/impresee.com\/"},{"@type":"ListItem","position":2,"name":"Product Data Feed Specification CSV"}]},{"@type":"WebSite","@id":"https:\/\/impresee.com\/#website","url":"https:\/\/impresee.com\/","name":"Impresee","description":"AI search bar, filters and discount games for eCommerce to get more visitors, increase conversion and get repeat sales. Available for Shopify, Woocomerce, Magento and others","publisher":{"@id":"https:\/\/impresee.com\/#organization"},"potentialAction":[{"@type":"SearchAction","target":{"@type":"EntryPoint","urlTemplate":"https:\/\/impresee.com\/?s={search_term_string}"},"query-input":{"@type":"PropertyValueSpecification","valueRequired":true,"valueName":"search_term_string"}}],"inLanguage":"es-CL"},{"@type":"Organization","@id":"https:\/\/impresee.com\/#organization","name":"Impresee","url":"https:\/\/impresee.com\/","logo":{"@type":"ImageObject","inLanguage":"es-CL","@id":"https:\/\/impresee.com\/#\/schema\/logo\/image\/","url":"https:\/\/impresee.com\/wp-content\/uploads\/2019\/01\/logo_color_negro_sf_web-e1547827174322.png","contentUrl":"https:\/\/impresee.com\/wp-content\/uploads\/2019\/01\/logo_color_negro_sf_web-e1547827174322.png","width":400,"height":152,"caption":"Impresee"},"image":{"@id":"https:\/\/impresee.com\/#\/schema\/logo\/image\/"},"sameAs":["https:\/\/www.facebook.com\/impresee\/","https:\/\/x.com\/impresee","https:\/\/www.instagram.com\/impresee.ai\/","https:\/\/www.linkedin.com\/company\/impresee","https:\/\/www.youtube.com\/channel\/UC5ZniKfJGvG8t4GrOOgYczA"]}]}},"_links":{"self":[{"href":"https:\/\/impresee.com\/es\/wp-json\/wp\/v2\/pages\/8119","targetHints":{"allow":["GET"]}}],"collection":[{"href":"https:\/\/impresee.com\/es\/wp-json\/wp\/v2\/pages"}],"about":[{"href":"https:\/\/impresee.com\/es\/wp-json\/wp\/v2\/types\/page"}],"author":[{"embeddable":true,"href":"https:\/\/impresee.com\/es\/wp-json\/wp\/v2\/users\/1"}],"replies":[{"embeddable":true,"href":"https:\/\/impresee.com\/es\/wp-json\/wp\/v2\/comments?post=8119"}],"version-history":[{"count":5,"href":"https:\/\/impresee.com\/es\/wp-json\/wp\/v2\/pages\/8119\/revisions"}],"predecessor-version":[{"id":12874,"href":"https:\/\/impresee.com\/es\/wp-json\/wp\/v2\/pages\/8119\/revisions\/12874"}],"wp:attachment":[{"href":"https:\/\/impresee.com\/es\/wp-json\/wp\/v2\/media?parent=8119"}],"curies":[{"name":"wp","href":"https:\/\/api.w.org\/{rel}","templated":true}]}}